{"id":1370,"date":"2023-09-13T14:41:06","date_gmt":"2023-09-13T14:41:06","guid":{"rendered":"https:\/\/3d-adventure.hr\/?post_type=product&#038;p=1370"},"modified":"2024-10-31T16:55:51","modified_gmt":"2024-10-31T16:55:51","slug":"cycling-tour-through-the-churches-of-island-brac-6-days","status":"publish","type":"product","link":"https:\/\/3d-adventure.hr\/index.php\/tours\/cycling-tour-through-the-churches-of-island-brac-6-days\/","title":{"rendered":"Cycling tour through the churches of Island Bra\u010d &#8211; 6 days"},"content":{"rendered":"<p>This new tour package offered by 3D adventure DMC travel agency\u00a0 combines the best of Dalmatia, a cycling tour with the cultural and historical landmarks of the island of Bra\u010d in 6 days, with a special focus on the 116 churches of Bra\u010d. During these six days, we will visit around 30 of the most significant churches in the areas of Nere\u017ei\u0161\u0107e and Pu\u010di\u0161\u0107a, covering the majority of the island of Bra\u010d. Guests will exclusively dine at farms and authentic taverns to experience the spirit of Bra\u010d through its gastronomic offerings, complemented by local wines from the island of Bra\u010d.<\/p>\n<table class=\"table table-bordered tours-tabs__table\" width=\"862\">\n<tbody>\n<tr>\n<td><strong>DEPARTURE\/RETURN LOCATION<\/strong><\/td>\n<td>Split (SPL) airport<\/td>\n<\/tr>\n<tr>\n<td><strong>NUMBER OF RIDERS<\/strong><\/td>\n<td>min 8<strong>\u00a0<\/strong>\u2013 max\u00a028<\/td>\n<\/tr>\n<tr>\n<td><strong>INCLUDED<\/strong><\/td>\n<td>\n<table class=\"table table-bordered\" width=\"300\">\n<tbody>\n<tr>\n<td><i class=\"fa fa-check icon-tick icon-tick--on\"><\/i>Transport from Airport to Hotel<\/td>\n<td><i class=\"fa fa-check icon-tick icon-tick--on\"><\/i>4 **** accomodation<\/td>\n<\/tr>\n<tr>\n<td><i class=\"fa fa-check icon-tick icon-tick--on\"><\/i>Bycicle tours as outlined in itinerary<\/td>\n<td><i class=\"fa fa-check icon-tick icon-tick--on\"><\/i>Licensed, English speaking bike tour guides<\/td>\n<\/tr>\n<\/tbody>\n<\/table>\n<p><i class=\"fa fa-check icon-tick icon-tick--on\"><\/i>\u00a0High quality bicycles and helmets<\/p>\n<p><i class=\"fa fa-check icon-tick icon-tick--on\"><\/i>Museum ticket<\/p>\n<p><i class=\"fa fa-check icon-tick icon-tick--on\"><\/i> Insurance<\/td>\n<\/tr>\n<tr>\n<td><b>NOT INCLUDED<\/b><\/td>\n<td>\n<table class=\"table table-bordered\" width=\"300\">\n<tbody>\n<tr>\n<td><i class=\"fa fa-times icon-tick icon-tick--off\"><\/i>\u00a0cycling clothing, drinks and snacks<\/td>\n<\/tr>\n<tr>\n<td><\/td>\n<\/tr>\n<\/tbody>\n<\/table>\n<\/td>\n<\/tr>\n<\/tbody>\n<\/table>\n","protected":false},"excerpt":{"rendered":"<p>This new tour package offered by 3D adventure DMC travel agency\u00a0 will allow our guests to explore all the cultural-historical landmarks of island of Bra\u010d&#8217;s religious heritage on bicycles in 6 days<\/p>\n","protected":false},"featured_media":1385,"comment_status":"open","ping_status":"closed","template":"","meta":[],"product_cat":[],"product_tag":[],"class_list":{"0":"post-1370","1":"product","2":"type-product","3":"status-publish","4":"has-post-thumbnail","6":"tour_phys-bike-tour","7":"tour_phys-boat-tour","8":"tour_phys-escorted-tour","9":"tour_phys-tour-cruise","10":"tour_phys-wildlife","12":"first","13":"instock","14":"sale","15":"shipping-taxable","16":"purchasable","17":"product-type-tour_phys"},"jetpack_sharing_enabled":true,"_links":{"self":[{"href":"https:\/\/3d-adventure.hr\/index.php\/wp-json\/wp\/v2\/product\/1370","targetHints":{"allow":["GET"]}}],"collection":[{"href":"https:\/\/3d-adventure.hr\/index.php\/wp-json\/wp\/v2\/product"}],"about":[{"href":"https:\/\/3d-adventure.hr\/index.php\/wp-json\/wp\/v2\/types\/product"}],"replies":[{"embeddable":true,"href":"https:\/\/3d-adventure.hr\/index.php\/wp-json\/wp\/v2\/comments?post=1370"}],"wp:featuredmedia":[{"embeddable":true,"href":"https:\/\/3d-adventure.hr\/index.php\/wp-json\/wp\/v2\/media\/1385"}],"wp:attachment":[{"href":"https:\/\/3d-adventure.hr\/index.php\/wp-json\/wp\/v2\/media?parent=1370"}],"wp:term":[{"taxonomy":"product_cat","embeddable":true,"href":"https:\/\/3d-adventure.hr\/index.php\/wp-json\/wp\/v2\/product_cat?post=1370"},{"taxonomy":"product_tag","embeddable":true,"href":"https:\/\/3d-adventure.hr\/index.php\/wp-json\/wp\/v2\/product_tag?post=1370"}],"curies":[{"name":"wp","href":"https:\/\/api.w.org\/{rel}","templated":true}]}}